{"id":144,"date":"2019-03-27T12:12:43","date_gmt":"2019-03-27T12:12:43","guid":{"rendered":"http:\/\/www2.mrc-lmb.cam.ac.uk\/groups\/bienz\/?page_id=144"},"modified":"2024-04-12T15:42:22","modified_gmt":"2024-04-12T14:42:22","slug":"alumni","status":"publish","type":"page","link":"https:\/\/www2.mrc-lmb.cam.ac.uk\/groups\/bienz\/group\/alumni\/","title":{"rendered":"Alumni"},"content":{"rendered":"<p>Bienz group Alumni and their destinations<\/p>\n<ul>\n<li>Gena Whitney, Research Support (1986-1989); Senior Research Specialist, Princeton University, New Jersey, USA<\/li>\n<li>Mauro DeLorenzi, PhD student (1986-1990); Head of Bioinformatics Core Facility, Swiss Institute for Bioinformatics, Lausanne, Switzerland<\/li>\n<li>Nazeem Ali, PhD student (1986-1990); Postdoc with Nam-Hai Chua, Rockefeller University, New York, USA; further destinations unknown<\/li>\n<li>Gabi Tremml, Diploma then PhD student (1986-1991); Director, Bristol-Myers Squibb, New York City, USA<\/li>\n<li>J\u00fcrg M\u00fcller, Diploma then PhD student (1986-1991); Group Leader at Max Planck Institute of Biochemistry, M\u00fcnchen, Germany<\/li>\n<li>Brigitta Z\u00fcst PhD, Research Support (1987-1989); retired<\/li>\n<li>Charles Henry, Diploma student (1987-1988); destination unknown<\/li>\n<li>Ferdinand Th\u00fcringer, PhD student (1988-1992); destination unknown<\/li>\n<li>Karin Immergl\u00fcck, Diploma student (1989-1990); Associate Vice Provost, Office of Technology Licencing, Stanford University, USA<\/li>\n<li>Ana Busturia PhD, EMBO Postdoctoral Fellow (1989-1992); Group Leader, CBMSO, Universidad Aut\u00f3noma de Madrid, Spain<\/li>\n<li>Cheng-Cai Zhang PhD, Postdoctoral Fellow (1990-1992); Full Professor, Aix-Marseille Universit\u00e9, France<\/li>\n<li>Stefan Hoppler, Diploma then PhD student (1990-1995); Full Professor, University of Aberdeen, UK<\/li>\n<li>James Castelli-Gair PhD, Postdoctoral Visitor (1990); Principal Scientist, Centro Andaluz de Biologia del Desarollo, Spain<\/li>\n<li>Beata Cotton, Research Support (1990); retired<\/li>\n<li>Bea Christen, PhD student (1991-1995); Senior Scientist, Center of Regenerative Medicine, Barcelona, Spain<\/li>\n<li>Salih Eresh PhD, Research Support (1992-1998); Civil Service<\/li>\n<li>Jens Riese, Boehringer PhD student (1995-1999); Senior Partner at McKinsey &amp; Company, M\u00fcnchen, Germany<\/li>\n<li>Xiang Yu, PhD student and Trinity Fellow (1995-1999); Professor, Bejing University, Bejing, China<\/li>\n<li>David Sz\u00fctz, PhD student and Trinity Fellow (1995-1999); Group Leader, Research Centre for Natural Sciences, Hungarian Academy of Sciences, Budapest,\u00a0Hungary<\/li>\n<li>Lucas Waltzer PhD, EMBO Postdoctoral Fellow (1996-1999); Group Leader CRNS, Universit\u00e9 of Clermont Auvergne, Clermont Auvergne, France<\/li>\n<li>Hannah Musisi, PhD student (1998-2002); Executive Director, Coulter Partners, London, UK<\/li>\n<li>Fiona Townsley PhD, Research Support (1998-2004); retired<\/li>\n<li>Rina Rosin-Arbesfeld, PhD; Wellcome Postdoctoral Travelling Fellowship (1999-2003); Professor, Sackler Faculty of Medicine, Tel Aviv University, Tel Aviv, Israel<\/li>\n<li>Jan de Boer PhD, EMBO Postdoctoral Fellow (1999-2001); Professor, BiS Interface Science in Regenerative Medicine, Eindhoven University of Technology, Eindhoven, the Netherlands<\/li>\n<li>Elisabeth Saller PhD, SNSF Postdoctoral Fellowship (1999-2003); Laborspezialistin f\u00fcr Medizinische Genetik, Genetica &amp; Analytica, Z\u00fcrich, Switzerland<\/li>\n<li>Fumihiko Hamada PhD MD, Postdoctoral Fellowship (1999-2007); Full Professor, Faculty of Medicine, Oita University, Japan<\/li>\n<li>Adam Cliffe, PhD student (1999-2004); Application Specialist for Life Science Research Microscopy, Leica Microsystems, Singapore<\/li>\n<li>Ann Kelley, Research Support (2000-2003); retired<\/li>\n<li>Barry Thompson, PhD student and LMB International Scholar (2000-2004); Professor at EMBL Australia Partner Laboratory, Canberra, Australia<\/li>\n<li>Kerstin Hanson, PhD student and LMB International Scholar (2002-2006); Assistant Professor, University of Texas San Antonio, USA<\/li>\n<li>Thomas Schwarz-Romond PhD, Marie Curie Postdoctoral Fellow (2003-2006); Director of Operations, Helmholtz Pioneer Campus, Helmholtz Zentrum, M\u00fcnchen, Germany<\/li>\n<li>Jesper Worm PhD, Postdoctoral Fellow Danish Research Agency (2004-2006); Santaris Pharma; now Principal Scientist at Roche Innovation Center, Copenhagen, Denmark<\/li>\n<li>Hoanh Tran PhD, Postdoctoral Fellow (2004-2008); Senior Research Scientist, WEHI for Medical Research, Melbourne, Australia<\/li>\n<li>Marc de la Roche PhD, Postdoctoral Fellow (2004-2013); Lecturer, Department of Biochemistry, University of Cambridge, UK<\/li>\n<li>Ciara Metcalfe, PhD student (2006-2010); Team Leader, Translational Oncology, Genentech, San Francisco, USA<\/li>\n<li>Carolina Mendoza-Topaz PhD, Milstein Postdoctoral Fellow (2006-2012); Associate Director, AstraZeneca, Cambridge, UK<\/li>\n<li>Julien Licchesi PhD, Postdoctoral Fellow (2006-2013); Lecturer, University of Bath, UK<\/li>\n<li>Tom Miller, PhD student (2008-2012); Associate Professor, University of Copenhagen, Denmark<\/li>\n<li>Michael Gr\u00e4b, undergraduate then PhD student (2007-2013); Senior Manager Medical Communication, Novocure, Switzerland<\/li>\n<li>Ashraf Ibrahim MB PhD, CRUK Clinical Postdoctoral Fellow (2009-2015); Consultant Histopathologist, Bedford Hospital, Bedford, UK<\/li>\n<li>Deepti Gupta PhD; Postdoctoral Fellow (2009-2012); Protein Data Base Curator, EBI Hinxton, UK<\/li>\n<li>Nikola Novcic, CRUK PhD student (2011-2015); Project Manager, Boston Consulting Group, Babraham, UK<\/li>\n<li>Ben Moore, PhD student (2011-2015); Outreach Officer, EMBL-EBI, Hinxton, UK<\/li>\n<li>Laurens Moore van Tienen, PhD student (2013-2018); Postdoc with Bill Sellers, Broad Institute, Cambridge, USA<\/li>\n<li>Joshua Flack, PhD student (2014-2018); Head of Cell Biology, Mosa Meat, Maastricht, the Netherlands<\/li>\n<li>Miha Renko PhD, Postdoctoral Fellow (2014-2020); Postdoc with Melissa Gammons, Institute for Medical Research, Cambridge, UK<\/li>\n<li>Janic le Pen PhD, Postdoctoral Fellow (2016-2019); Data Engineer, Nantes, France<\/li>\n<li>Lisa Heinke, PhD student (2016-2021); Associate Editor BMC, Springer Nature, Berlin, Germany<\/li>\n<li>Gonzalo J Beitia, Milstein PhD student (2017-2022); Postdoc with Melissa Gammons, Cambridge Institute for Medical Research, Cambridge, UK<\/li>\n<li>Tiemei Li PhD, Postdoctoral Fellow (2019-2022); Postdoctoral Scientist, Abcam, Cambridge, UK<\/li>\n<li>Juliusz Mieszczanek PhD, Investigator Scientist (2005-2023); retired<\/li>\n<li>Marc Fiedler PhD, Investigator Scientist (2004-2022); Investigator Scientist with Lori Passmore, MRC LMB, Cambridge, UK<\/li>\n<li>Melissa Gammons PhD, Investigator Scientist (2013-2023); Group Leader, Cambridge Institute for Medical Research, Cambridge, UK<\/li>\n<li>Elsa Franco-Echevarr\u00eda PhD, Postdoctoral Fellow (2018-2023); Investigator Scientist with Kelly Nguyen, MRC LMB, Cambridge, UK<\/li>\n<\/ul>\n<p>&nbsp;<\/p>\n<p>&nbsp;<\/p>\n<p>&nbsp;<\/p>\n<p>&nbsp;<\/p>\n","protected":false},"excerpt":{"rendered":"<p>Bienz group Alumni and their destinations Gena Whitney, Research Support (1986-1989); Senior Research Specialist, Princeton University, New Jersey, USA Mauro DeLorenzi, PhD student (1986-1990); Head of Bioinformatics Core Facility, Swiss Institute for Bioinformatics, Lausanne, Switzerland Nazeem Ali, PhD student (1986-1990); Postdoc with Nam-Hai Chua, Rockefeller University, New York, USA; further destinations unknown Gabi Tremml, Diploma [&hellip;]<\/p>\n","protected":false},"author":23,"featured_media":0,"parent":31,"menu_order":0,"comment_status":"closed","ping_status":"closed","template":"","meta":{"_genesis_hide_title":false,"_genesis_hide_breadcrumbs":false,"_genesis_hide_singular_image":false,"_genesis_hide_footer_widgets":false,"_genesis_custom_body_class":"","_genesis_custom_post_class":"","_genesis_layout":"","footnotes":""},"class_list":{"0":"post-144","1":"page","2":"type-page","3":"status-publish","5":"entry"},"featured_image_src":null,"featured_image_src_square":null,"_links":{"self":[{"href":"https:\/\/www2.mrc-lmb.cam.ac.uk\/groups\/bienz\/wp-json\/wp\/v2\/pages\/144","targetHints":{"allow":["GET"]}}],"collection":[{"href":"https:\/\/www2.mrc-lmb.cam.ac.uk\/groups\/bienz\/wp-json\/wp\/v2\/pages"}],"about":[{"href":"https:\/\/www2.mrc-lmb.cam.ac.uk\/groups\/bienz\/wp-json\/wp\/v2\/types\/page"}],"author":[{"embeddable":true,"href":"https:\/\/www2.mrc-lmb.cam.ac.uk\/groups\/bienz\/wp-json\/wp\/v2\/users\/23"}],"replies":[{"embeddable":true,"href":"https:\/\/www2.mrc-lmb.cam.ac.uk\/groups\/bienz\/wp-json\/wp\/v2\/comments?post=144"}],"version-history":[{"count":6,"href":"https:\/\/www2.mrc-lmb.cam.ac.uk\/groups\/bienz\/wp-json\/wp\/v2\/pages\/144\/revisions"}],"predecessor-version":[{"id":416,"href":"https:\/\/www2.mrc-lmb.cam.ac.uk\/groups\/bienz\/wp-json\/wp\/v2\/pages\/144\/revisions\/416"}],"up":[{"embeddable":true,"href":"https:\/\/www2.mrc-lmb.cam.ac.uk\/groups\/bienz\/wp-json\/wp\/v2\/pages\/31"}],"wp:attachment":[{"href":"https:\/\/www2.mrc-lmb.cam.ac.uk\/groups\/bienz\/wp-json\/wp\/v2\/media?parent=144"}],"curies":[{"name":"wp","href":"https:\/\/api.w.org\/{rel}","templated":true}]}}