{"id":29,"date":"2015-10-13T16:04:12","date_gmt":"2015-10-13T16:04:12","guid":{"rendered":"http:\/\/www2.mrc-lmb.cam.ac.uk\/groups\/sbullock\/publications\/"},"modified":"2026-05-05T13:54:55","modified_gmt":"2026-05-05T12:54:55","slug":"publications","status":"publish","type":"page","link":"https:\/\/www2.mrc-lmb.cam.ac.uk\/groups\/sbullock\/publications\/","title":{"rendered":"Publications"},"content":{"rendered":"<h2 class=\"paragraph_style_3\">Recent publications and preprints:<\/h2>\n<p>Albacete-Albacete L**, Jin L, Sato N, Shahbazi MN and Bullock SL** (2026) <strong>Dynein-dependent positioning of multiple organelles regulates adaptive gene expression during oxidative stress. <\/strong>bioRxiv doi: <span class=\"highwire-cite-metadata-doi highwire-cite-metadata\">10.64898\/2026.03.17.712024. <a href=\"https:\/\/www.biorxiv.org\/content\/10.64898\/2026.03.17.712024v1\">Preprint.<\/a> <\/span><\/p>\n<p>Singh K*, Chilaeva S*, McClintock MA* **, Carter AP** and Bullock SL** (2025) <strong>Cryo-EM structures of Egl-BicD-RNA complexes reveal how diverse mRNAs are selected for subcellular localization.<\/strong> Nat Struct Mol Biol, <a href=\"https:\/\/doi.org\/10.1038\/s41594-026-01794-8\">doi: 10.1038\/s41594-026-01794-8<\/a><em><br \/>\n<\/em><\/p>\n<p>Zein-Sabatto H, Brockett JS, Jin L, Husbands CA, Lee J, Fang J, Buehler J, Bullock SL** and Lerit DA** (2024) <strong>Centrocortin potentiates co-translational localization of its mRNA to the centrosome via dynein. <\/strong>bioRxiv doi: 10.1101\/2024.08.09.607365<em>. <\/em><a href=\"https:\/\/www.biorxiv.org\/content\/10.1101\/2024.08.09.607365v1\">Preprint.<\/a><\/p>\n<p>Salvador-Garcia D, Jin L, Hensley A, G\u00f6lc\u00fck M, Gallaud E, Chaaban S, Port F, Vagnoni A, Planelles-Herrero VJ, McClintock MA, Derivery E, Carter AP, Giet R, G\u00fcr M, Yildiz A and Bullock SL (2024) <strong>A force-sensitive mutation reveals a non-canonical role for dynein in anaphase progression. <\/strong>J Cell Biol, 223 (10): <span class=\"cit\">e202310022<\/span>. <a href=\"https:\/\/pubmed.ncbi.nlm.nih.gov\/38949648\/\">Pubmed<\/a>.<\/p>\n<p>Wong CH, Wingett SW, Qian C, Hunter M, Taliaferro JM, Ross-Thriepland D** and Bullock SL** (2024) <strong>Genome-scale requirements for dynein-based transport revealed by a high-content arrayed CRISPR screen<\/strong>. J Cell Biol, 223 (5): e202306048. <a href=\"https:\/\/pubmed.ncbi.nlm.nih.gov\/38448164\/\">Pubmed<\/a><\/p>\n<p>Heber S*, McClintock MA*, Simon B, Mehtab E, Lapouge K, Hennig J, Bullock SL** and Ephrussi A** (2024) <strong>Tropomyosin 1-I\/C co-ordinates kinesin-1 and dynein motors during <em>oskar<\/em> mRNA transport.<\/strong> <span class=\"docsum-journal-citation full-journal-citation\">Nat Struct Mol Biol. doi: 10.1038\/s41594-024-01212-x<\/span>. <a href=\"https:\/\/pubmed.ncbi.nlm.nih.gov\/38297086\/\">Pubmed<\/a><\/p>\n<p>Madan V, Albacete Albacete L*, Jin L*, Scaturro P, Watson JL, Muschalik N, Begum F, Boulanger J, Bauer K, Kiebler MA, Derivery E and Bullock SL (2023) <strong>HEATR5B associates with dynein-dynactin and promotes motility of endosomal membranes. <\/strong>EMBO J, 42: e114473. <a href=\"https:\/\/pubmed.ncbi.nlm.nih.gov\/37872872\/\">Pubmed <\/a><\/p>\n<p>Gaspar I**, Phea LJ, McClintock MA, Heber S, Bullock SL** and Ephrussi A** (2023) <strong>An RNA-based feed-forward loop ensures motor switching in <em>oskar <\/em>mRNA transport. <\/strong>J Cell Biol <span class=\"citation-doi\">10.1083\/jcb.202301113<\/span>.<a href=\"https:\/\/pubmed.ncbi.nlm.nih.gov\/37213090\/\"> Pubmed<\/a><\/p>\n<p>Fumagalli L*, Young FL*, Boeynaems S*, De Decker M, Mehta AR, Swijsen A, Fazal R, Guo W, Moisse M, Beckers J, Dedeene L, Selvaraj BT, Vandoorne T, Madan V, van Blitterswijk M, Raitcheva D, McCampbell A, Poesen K, Gitler AD, Koch P, Vanden Berghe P, Thal DR, Verfaillie C, Chandran S, Van Den Bosch L, Bullock SL**, Van Damme P** (2021) <strong><em>C9orf72<\/em>-derived arginine-containing dipeptide repeats associate with axonal transport machinery and impede microtubule-based motility. <\/strong>Science Advances. doi\/10.1126\/sciadv.abg3013 <a href=\"https:\/\/pubmed.ncbi.nlm.nih.gov\/33837088\/\">Pubmed<\/a><\/p>\n<p>Vincent J**, Preston M, Mouchet E, Laugier N, Corrigan A, Boulanger J, Brown DG, Clark R, Wigglesworth M, Carter AP and Bullock SL** (2020) <strong>A High-Throughput Cellular Screening Assay for Small-Molecule Inhibitors and Activators of Cytoplasmic Dynein-1-Based Cargo Transport.<\/strong> SLAS Discovery. doi: 10.1177\/2472555220920581. <a href=\"https:\/\/pubmed.ncbi.nlm.nih.gov\/32436764\/\">Pubmed<\/a><\/p>\n<p>Elshenawy MM, Kusakci E, Volz S, Baumbach J, Bullock SL, Yildiz A (2020) <strong>Lis1 activates dynein motility by modulating its pairing with dynactin.<\/strong> Nat Cell Biol. 22(5):570-578. doi: 10.1038\/s41556-020-0501-4. Epub 2020 Apr 27. <a href=\"https:\/\/pubmed.ncbi.nlm.nih.gov\/32341547\/\">Pubmed<\/a><\/p>\n<p>McClintock MA, Dix CI, Johnson CM, McLaughlin SH, Maizels RJ, Hoang HT and Bullock SL (2018) <strong>RNA-directed activation of cytoplasmic dynein-1 in reconstituted transport RNPs.<\/strong> <span class=\"jrnl\" title=\"eLife\">eLife<\/span>. 2018 Jun 26;7. pii: e36312. doi: 10.7554\/eLife.36312. <a href=\"https:\/\/www.ncbi.nlm.nih.gov\/pubmed\/29944118\">Pubmed<\/a><\/p>\n<p>Vagnoni A** and Bullock SL** (2018) <strong>A cAMP\/PKA\/kinesin-1 axis promotes the axonal transport of mitochondria in aging <em>Drosophila<\/em> neurons.<\/strong> <span class=\"jrnl\" title=\"Current biology : CB\">Curr Biol<\/span>., 28: 1265-1272. <a href=\"https:\/\/www.ncbi.nlm.nih.gov\/pubmed\/29606421\">Pubmed<\/a><\/p>\n<p>Baumbach J, Murthy A*, McClintock MA*, Dix, CI, Zalyte, R, Hoang, HT, Bullock, SL (2017) <strong>Lissencephaly-1 is a context-dependent regulator of the human dynein complex.<\/strong> eLife, 6: e21768.\u00a0doi: 10.7554\/eLife.21768. <a href=\"https:\/\/www.ncbi.nlm.nih.gov\/pubmed\/28406398\">Pubmed<\/a><\/p>\n<p>Hoang HT, Schlager MA, Carter AP and Bullock SL (2017) <strong>DYNC1H1 mutations associated with neurological diseases compromise processivity of dynein-dynactin-cargo adaptor complexes.<\/strong> PNAS, 114: E1597-E1606. <a href=\"https:\/\/www.ncbi.nlm.nih.gov\/pubmed\/28196890\">Pubmed<\/a><\/p>\n<p>Port F** and Bullock SL** (2016) <strong>Augmenting CRISPR applications in <em>Drosophila <\/em>with tRNA-flanked sgRNAs. <\/strong>Nat Methods, doi:10.1038\/nmeth.3972. <a href=\"http:\/\/rdcu.be\/j9u4\">PDF<\/a><\/p>\n<p>Vagnoni A** and Bullock SL** (2016) <strong>A simple method for imaging axonal transport in aging neurons using the adult <em>Drosophila<\/em> wing.<\/strong> Nat Protocols, 11(9): 1711-1723. <a href=\"http:\/\/rdcu.be\/kbUO\">PDF.<\/a><\/p>\n<p>Vagnoni A, Hoffmann P and Bullock S.L. (2016) <strong>Reducing Lissencephaly-1 levels augments mitochondrial transport and has a protective effect in adult <em>Drosophila <\/em>neurons<\/strong>. J Cell Sci<em>, <\/em>doi: 10.1242\/jcs.179184. <a href=\"http:\/\/www.ncbi.nlm.nih.gov\/pubmed\/26598558\">Pubmed<\/a><\/p>\n<p>Port F*(**), Muschalik N* and Bullock SL** (2015) <strong>Systematic evaluation of <em>Drosophila<\/em> CRISPR tools reveals safe and efficient alternatives to autonomous gene drives in basic research<\/strong>. G3, 5(7):1493-1502. <a class=\"class13\" href=\"http:\/\/www.ncbi.nlm.nih.gov\/pubmed\/25999583\">Pubmed<\/a><\/p>\n<p>Rossor AM, Oates EC, Salter HK, Liu Y, Murphy SM, Schule R, Gonzalez MA, Scoto M, Phadke R, Sewry CA, Houlden H, Jordanova A, Tournev I, Chamova T, Litvinenko I, Zuchner S, Herrmann DN, Blake J, Sowden JE, Acsadi G, Rodriguez ML, Menezes MP, Clarke NF, Auer Grumbach M, Bullock SL, Muntoni F, Reilly MM, North KN (2015) <strong>Phenotypic and molecular insights into spinal muscular atrophy due to mutations in BICD2.<\/strong> Brain, 138 (Pt2):293-310. <a class=\"class13\" href=\"http:\/\/www.ncbi.nlm.nih.gov\/pubmed\/25497877\">Pubmed<\/a><\/p>\n<p>Port F**, Chen HM, Lee T, Bullock SL** (2014) <strong>Optimized CRISPR\/Cas tools for efficient germline and somatic genome engineering in <em>Drosophila<\/em>.<\/strong> PNAS, 111(29):E2967-76. doi: 10.1073\/pnas.1405500111. <a class=\"class13\" href=\"http:\/\/www.ncbi.nlm.nih.gov\/pubmed\/25002478\">Pubmed<\/a><\/p>\n<p>Schlager MA*, Hoang HT*, Urnavicius L, Bullock SL**, Carter AP**. (2014) <strong>In vitro reconstitution of a highly processive recombinant human dynein complex.<\/strong> EMBO J, 33(17):1855-1868. doi: 10.15252\/embj.201488792.<a class=\"class13\" href=\"http:\/\/www.ncbi.nlm.nih.gov\/pubmed\/24986880\">Pubmed<\/a><\/p>\n<p>Soundararajan HC and Bullock SL (2014) <strong>The influence of dynein processivity control, MAPs, and microtubule ends on directional movement of a localising mRNA.<\/strong> eLife., e01596. doi: 10.7554\/eLife.01596. <a class=\"class13\" href=\"http:\/\/www.ncbi.nlm.nih.gov\/pubmed\/24737859\">Pubmed<\/a><\/p>\n<p>Dix CI, Soundararajan HC, Dzhindzhev NS, Begum F, Suter B, Ohkura H, Stephens E and Bullock SL (2013) <strong>Lissencephaly-1 promotes the recruitment of dynein and dynactin to transported mRNAs.<\/strong> J Cell Biol. 202(3): 479-494 <a class=\"class13\" title=\"http:\/\/www.ncbi.nlm.nih.gov\/pubmed\/23918939\" href=\"http:\/\/www.ncbi.nlm.nih.gov\/pubmed\/23918939\">Pubmed<\/a><\/p>\n<p>Liu Y*, Salter HK*, Holding AN, Johnson CM, Lukavsky PJ, Walshaw J and Bullock SL (2013) <strong>Bicaudal-D uses a parallel, homodimeric coiled coil with heterotypic registry to coordinate recruitment of cargos to dynein.<\/strong>Genes Dev, 27: 1233-1246 <a class=\"class13\" title=\"http:\/\/www.ncbi.nlm.nih.gov\/pubmed\/?term=Bicaudal-D+uses+a+parallel,+homodimeric+coiled+coil+with+heterotypic+registry+to+coordinate+recruitment+of+cargos+to+dynein\" href=\"http:\/\/www.ncbi.nlm.nih.gov\/pubmed\/?term=Bicaudal-D+uses+a+parallel%2C+homodimeric+coiled+coil+with+heterotypic+registry+to+coordinate+recruitment+of+cargos+to+dynein\">Pubmed<\/a><\/p>\n<p>Amrute-Nayak M and Bullock SL (2012) <strong>Single-molecule assays reveal that RNA localization signals regulate dynein\/dynactin copy number on individual transcript cargoes.<\/strong> Nat Cell Biol, 14(4):416-423. <a class=\"class13\" title=\"http:\/\/www.ncbi.nlm.nih.gov\/pubmed\/22366687\" href=\"http:\/\/www.ncbi.nlm.nih.gov\/pubmed\/22366687\">Pubmed<\/a><\/p>\n<p>Bianco A, Dienstbier M, Salter HK, Gatto G and Bullock SL (2010) <strong>Bicaudal-D regulates FMRP levels, motility, and function during neuronal morphogenesis.<\/strong> Curr Biol, 20: 1487-1492. <a class=\"class13\" title=\"http:\/\/www.ncbi.nlm.nih.gov\/pubmed\/20691595\" href=\"http:\/\/www.ncbi.nlm.nih.gov\/pubmed\/20691595\">Pubmed<\/a><\/p>\n<p>Bullock SL*, Ringel I*, Ish-Horowicz D and Lukavsky PJ*. (2010) <strong>A\u2019-form RNA helices are required for cytoplasmic mRNA transport in <em>Drosophila<\/em>.<\/strong> Nat Struct Mol Biol, 17: 703-709. <a class=\"class13\" title=\"http:\/\/www.ncbi.nlm.nih.gov\/pubmed\/20473315\" href=\"http:\/\/www.ncbi.nlm.nih.gov\/pubmed\/20473315\">Pubmed<\/a><\/p>\n<p>Li X, Kuromi H, Briggs L, Green DB, Rocha JJ, Sweeney ST and Bullock SL (2010) <strong>Bicaudal-D binds clathrin heavy chain to promotes its transport and augments synaptic vesicle recycling.<\/strong> EMBO J, 29: 992-1006. <a class=\"class10\" title=\"http:\/\/www.ncbi.nlm.nih.gov\/pubmed\/20111007\" href=\"http:\/\/www.ncbi.nlm.nih.gov\/pubmed\/20111007\">Pubmed<\/a><\/p>\n<p>Navarro C., Bullock S and Lehmann R. (2009). <strong>Altered dynein-dependent transport in piRNA pathway mutants.<\/strong>PNAS, 106: 9691-9696. <a class=\"class13\" title=\"http:\/\/www.ncbi.nlm.nih.gov\/pubmed\/19478063\" href=\"http:\/\/www.ncbi.nlm.nih.gov\/pubmed\/19478063\">Pubmed<\/a><\/p>\n<p>Dienstbier M, Boehl F., Li X and Bullock SL (2009). <strong>Egalitarian is a selective RNA-binding protein linking mRNA localization signals to the dynein motor.<\/strong> Genes Dev, 23: 1546-1558. <a class=\"class13\" title=\"http:\/\/www.ncbi.nlm.nih.gov\/pubmed\/19515976\" href=\"http:\/\/www.ncbi.nlm.nih.gov\/pubmed\/19515976\">Pubmed<\/a><\/p>\n<h2>Reviews:<\/h2>\n<p>Mofatteh M and Bullock SL (2017) <strong>Subcellular mRNA localization.<\/strong> Cell<em>, <\/em>169:178-178 (SnapShot). <a href=\"https:\/\/www.ncbi.nlm.nih.gov\/pubmed\/28340345\">Pubmed<\/a><\/p>\n<p>Holt, CE and Bullock, SL (2009) <strong>Subcellular mRNA localization in animal cells and why it matters.<\/strong> Science, 326: 1212-1216 <a class=\"class13\" title=\"http:\/\/www.ncbi.nlm.nih.gov\/pubmed\/19965463\" href=\"http:\/\/www.ncbi.nlm.nih.gov\/pubmed\/19965463\">Pubmed<\/a><\/p>\n<h2>Policy Forum:<\/h2>\n<p>Akbari BO, Bellen HJ, Bier E, Bullock SL, Burt A, Church GM, Cook KR, Duchek P, Edwards OR, Esvelt K, Gantz VM, Golic KG, Gratz SJ, Harrison MM, Hayes KR, James AA, Kaufman TC, Knoblich J, Malik HS, Matthews KA, O&#8217;Connor-Giles KM, Parks AL, Perrimon N, Port F, Russell S, Ueda R, Wildonger J (2015) <strong>Biosafety: Safeguarding gene drive experiments in the laboratory.<\/strong> Science, 349(6241):927-9 <a class=\"class13\" href=\"http:\/\/www.ncbi.nlm.nih.gov\/pubmed\/26229113\">Pubmed<\/a><\/p>\n<p>* These authors contributed equally<\/p>\n<p>** Co-corresponding authors<\/p>\n<p>See full publication list <a class=\"class13\" title=\"full_Publications.html\" href=\"http:\/\/www2.mrc-lmb.cam.ac.uk\/groups\/sbullock\/publications\/full_publications\/\">here<\/a>.<\/p>\n","protected":false},"excerpt":{"rendered":"<p>Recent publications and preprints: Albacete-Albacete L**, Jin L, Sato N, Shahbazi MN and Bullock SL** (2026) Dynein-dependent positioning of multiple organelles regulates adaptive gene expression during oxidative stress. bioRxiv doi: 10.64898\/2026.03.17.712024. Preprint. Singh K*, Chilaeva S*, McClintock MA* **, Carter AP** and Bullock SL** (2025) Cryo-EM structures of Egl-BicD-RNA complexes reveal how diverse mRNAs are [&hellip;]<\/p>\n","protected":false},"author":2,"featured_media":0,"parent":0,"menu_order":0,"comment_status":"closed","ping_status":"closed","template":"","meta":{"_genesis_hide_title":false,"_genesis_hide_breadcrumbs":false,"_genesis_hide_singular_image":false,"_genesis_hide_footer_widgets":false,"_genesis_custom_body_class":"","_genesis_custom_post_class":"","_genesis_layout":"","footnotes":""},"class_list":{"0":"post-29","1":"page","2":"type-page","3":"status-publish","5":"entry"},"_links":{"self":[{"href":"https:\/\/www2.mrc-lmb.cam.ac.uk\/groups\/sbullock\/wp-json\/wp\/v2\/pages\/29","targetHints":{"allow":["GET"]}}],"collection":[{"href":"https:\/\/www2.mrc-lmb.cam.ac.uk\/groups\/sbullock\/wp-json\/wp\/v2\/pages"}],"about":[{"href":"https:\/\/www2.mrc-lmb.cam.ac.uk\/groups\/sbullock\/wp-json\/wp\/v2\/types\/page"}],"author":[{"embeddable":true,"href":"https:\/\/www2.mrc-lmb.cam.ac.uk\/groups\/sbullock\/wp-json\/wp\/v2\/users\/2"}],"replies":[{"embeddable":true,"href":"https:\/\/www2.mrc-lmb.cam.ac.uk\/groups\/sbullock\/wp-json\/wp\/v2\/comments?post=29"}],"version-history":[{"count":72,"href":"https:\/\/www2.mrc-lmb.cam.ac.uk\/groups\/sbullock\/wp-json\/wp\/v2\/pages\/29\/revisions"}],"predecessor-version":[{"id":1349,"href":"https:\/\/www2.mrc-lmb.cam.ac.uk\/groups\/sbullock\/wp-json\/wp\/v2\/pages\/29\/revisions\/1349"}],"wp:attachment":[{"href":"https:\/\/www2.mrc-lmb.cam.ac.uk\/groups\/sbullock\/wp-json\/wp\/v2\/media?parent=29"}],"curies":[{"name":"wp","href":"https:\/\/api.w.org\/{rel}","templated":true}]}}